{"id":3685,"date":"2023-02-17T11:32:36","date_gmt":"2023-02-17T10:32:36","guid":{"rendered":"https:\/\/prevencionviolencia.org\/nosvaisaescuchar\/?page_id=3685"},"modified":"2023-03-02T13:00:53","modified_gmt":"2023-03-02T12:00:53","slug":"prevencion-violencia","status":"publish","type":"page","link":"https:\/\/prevencionviolencia.org\/nosvaisaescuchar\/prevencion-violencia\/","title":{"rendered":"PREVENCI\u00d3N VIOLENCIA"},"content":{"rendered":"\t\t<div data-elementor-type=\"wp-page\" data-elementor-id=\"3685\" class=\"elementor elementor-3685\">\n\t\t\t\t\t\t<section class=\"elementor-section elementor-top-section elementor-element elementor-element-33503531 elementor-section-boxed elementor-section-height-default elementor-section-height-default qodef-elementor-content-no\" data-id=\"33503531\" data-element_type=\"section\">\n\t\t\t\t\t\t<div class=\"elementor-container elementor-column-gap-default\">\n\t\t\t\t\t<div class=\"elementor-column elementor-col-100 elementor-top-column elementor-element elementor-element-184e786b\" data-id=\"184e786b\" data-element_type=\"column\">\n\t\t\t<div class=\"elementor-widget-wrap elementor-element-populated\">\n\t\t\t\t\t\t<div class=\"elementor-element elementor-element-3c9e0e8f elementor-widget elementor-widget-text-editor\" data-id=\"3c9e0e8f\" data-element_type=\"widget\" data-widget_type=\"text-editor.default\">\n\t\t\t\t<div class=\"elementor-widget-container\">\n\t\t\t\t\t\t\t\t\t<p><em><strong>Prevenci\u00f3n Violencia<\/strong><\/em> es un proyecto creado, gestionado y desarrollado por la Fundaci\u00f3n de Familias Monoparentales Isadora Duncan, con un objetivo claro: <strong>impulsar el conocimiento y la prevenci\u00f3n de la violencia de g\u00e9nero y sus manifestaciones en la poblaci\u00f3n en general a trav\u00e9s de la sensibilizaci\u00f3n, la concienciaci\u00f3n y la generaci\u00f3n de contenidos que promuevan valores de igualdad, diversidad, respeto y tolerancia<\/strong>. Adem\u00e1s, cuenta con distintos objetivos espec\u00edficos que promueven la sensibilizaci\u00f3n y detecci\u00f3n de otros tipos de violencias invisibles e involucran a la sociedad para que todas las personas seamos parte activa de la soluci\u00f3n.<\/p>\n<p>Para lograr verdaderos cambios, es necesario aunar esfuerzos por parte de las instituciones del sector p\u00fablico y privado, implementando acciones transversales dirigidas a toda la ciudadan\u00eda que pretendan influir sobre las ideas, estereotipos y prejuicios de las personas, generando un cambio de actitudes respecto a sus pr\u00e1cticas sociales, individuales y colectivas, que promuevan una sociedad m\u00e1s justa, equitativa y libre de violencia. Esta forma de intervenci\u00f3n ser\u00e1 un paso fundamental que contribuye en la puesta en valor de los principios de igualdad, ciudadan\u00eda y tolerancia.<\/p>\n<p>As\u00ed, <i><b>Prevenci\u00f3n Violencia<\/b><\/i> toma forma en base a las distintas actividades que se planifican en el proyecto, cuyos resultados est\u00e1n siempre encaminados hacia un mismo fin: <b>sensibilizar a la poblaci\u00f3n contra la violencia machista en sus m\u00faltiples manifestaciones.<\/b> Desarrollamos campa\u00f1as de incidencia nacional y actividades de sensibilizaci\u00f3n y detecci\u00f3n de posible violencia machista en la vida de las mujeres. Por \u00faltimo, trabajamos a favor de la generaci\u00f3n de sinergias y fortalecimiento de redes de entidades y organismos para luchar en com\u00fan contra la violencia machista.<\/p>\n<p>M\u00e1s informaci\u00f3n en nuestra web:\u00a0<a href=\"https:\/\/prevencionviolencia.org\" target=\"_blank\" rel=\"noopener\">https:\/\/prevencionviolencia.org<\/a>.<\/p>\t\t\t\t\t\t\t\t<\/div>\n\t\t\t\t<\/div>\n\t\t\t\t\t<\/div>\n\t\t<\/div>\n\t\t\t\t\t<\/div>\n\t\t<\/section>\n\t\t\t\t<\/div>\n\t\t","protected":false},"excerpt":{"rendered":"<p>Prevenci\u00f3n Violencia es un proyecto creado, gestionado y desarrollado por la Fundaci\u00f3n de Familias Monoparentales Isadora Duncan, con un objetivo claro: impulsar el conocimiento y la prevenci\u00f3n de la violencia de g\u00e9nero y sus manifestaciones en la poblaci\u00f3n en general a trav\u00e9s de la sensibilizaci\u00f3n, la concienciaci\u00f3n y la generaci\u00f3n de contenidos que promuevan valores [&hellip;]<\/p>\n","protected":false},"author":1,"featured_media":0,"parent":0,"menu_order":0,"comment_status":"closed","ping_status":"closed","template":"","meta":{"inline_featured_image":false,"footnotes":""},"class_list":["post-3685","page","type-page","status-publish","hentry"],"yoast_head":"<!-- This site is optimized with the Yoast SEO plugin v25.3.1 - https:\/\/yoast.com\/wordpress\/plugins\/seo\/ -->\n<title>PREVENCI\u00d3N VIOLENCIA - Ahora nos vais a escuchar<\/title>\n<meta name=\"robots\" content=\"index, follow, max-snippet:-1, max-image-preview:large, max-video-preview:-1\" \/>\n<link rel=\"canonical\" href=\"https:\/\/prevencionviolencia.org\/nosvaisaescuchar\/prevencion-violencia\/\" \/>\n<meta property=\"og:locale\" content=\"es_ES\" \/>\n<meta property=\"og:type\" content=\"article\" \/>\n<meta property=\"og:title\" content=\"PREVENCI\u00d3N VIOLENCIA - Ahora nos vais a escuchar\" \/>\n<meta property=\"og:description\" content=\"Prevenci\u00f3n Violencia es un proyecto creado, gestionado y desarrollado por la Fundaci\u00f3n de Familias Monoparentales Isadora Duncan, con un objetivo claro: impulsar el conocimiento y la prevenci\u00f3n de la violencia de g\u00e9nero y sus manifestaciones en la poblaci\u00f3n en general a trav\u00e9s de la sensibilizaci\u00f3n, la concienciaci\u00f3n y la generaci\u00f3n de contenidos que promuevan valores [&hellip;]\" \/>\n<meta property=\"og:url\" content=\"https:\/\/prevencionviolencia.org\/nosvaisaescuchar\/prevencion-violencia\/\" \/>\n<meta property=\"og:site_name\" content=\"Ahora nos vais a escuchar\" \/>\n<meta property=\"article:modified_time\" content=\"2023-03-02T12:00:53+00:00\" \/>\n<meta name=\"twitter:card\" content=\"summary_large_image\" \/>\n<meta name=\"twitter:label1\" content=\"Tiempo de lectura\" \/>\n\t<meta name=\"twitter:data1\" content=\"2 minutos\" \/>\n<script type=\"application\/ld+json\" class=\"yoast-schema-graph\">{\"@context\":\"https:\/\/schema.org\",\"@graph\":[{\"@type\":\"WebPage\",\"@id\":\"https:\/\/prevencionviolencia.org\/nosvaisaescuchar\/prevencion-violencia\/\",\"url\":\"https:\/\/prevencionviolencia.org\/nosvaisaescuchar\/prevencion-violencia\/\",\"name\":\"PREVENCI\u00d3N VIOLENCIA - Ahora nos vais a escuchar\",\"isPartOf\":{\"@id\":\"https:\/\/prevencionviolencia.org\/nosvaisaescuchar\/#website\"},\"datePublished\":\"2023-02-17T10:32:36+00:00\",\"dateModified\":\"2023-03-02T12:00:53+00:00\",\"breadcrumb\":{\"@id\":\"https:\/\/prevencionviolencia.org\/nosvaisaescuchar\/prevencion-violencia\/#breadcrumb\"},\"inLanguage\":\"es\",\"potentialAction\":[{\"@type\":\"ReadAction\",\"target\":[\"https:\/\/prevencionviolencia.org\/nosvaisaescuchar\/prevencion-violencia\/\"]}]},{\"@type\":\"BreadcrumbList\",\"@id\":\"https:\/\/prevencionviolencia.org\/nosvaisaescuchar\/prevencion-violencia\/#breadcrumb\",\"itemListElement\":[{\"@type\":\"ListItem\",\"position\":1,\"name\":\"Portada\",\"item\":\"https:\/\/prevencionviolencia.org\/nosvaisaescuchar\/\"},{\"@type\":\"ListItem\",\"position\":2,\"name\":\"PREVENCI\u00d3N VIOLENCIA\"}]},{\"@type\":\"WebSite\",\"@id\":\"https:\/\/prevencionviolencia.org\/nosvaisaescuchar\/#website\",\"url\":\"https:\/\/prevencionviolencia.org\/nosvaisaescuchar\/\",\"name\":\"Ahora nos vais a escuchar\",\"description\":\"\",\"publisher\":{\"@id\":\"https:\/\/prevencionviolencia.org\/nosvaisaescuchar\/#organization\"},\"potentialAction\":[{\"@type\":\"SearchAction\",\"target\":{\"@type\":\"EntryPoint\",\"urlTemplate\":\"https:\/\/prevencionviolencia.org\/nosvaisaescuchar\/?s={search_term_string}\"},\"query-input\":{\"@type\":\"PropertyValueSpecification\",\"valueRequired\":true,\"valueName\":\"search_term_string\"}}],\"inLanguage\":\"es\"},{\"@type\":\"Organization\",\"@id\":\"https:\/\/prevencionviolencia.org\/nosvaisaescuchar\/#organization\",\"name\":\"Ahora nos vais a escuchar\",\"url\":\"https:\/\/prevencionviolencia.org\/nosvaisaescuchar\/\",\"logo\":{\"@type\":\"ImageObject\",\"inLanguage\":\"es\",\"@id\":\"https:\/\/prevencionviolencia.org\/nosvaisaescuchar\/#\/schema\/logo\/image\/\",\"url\":\"https:\/\/prevencionviolencia.org\/nosvaisaescuchar\/wp-content\/uploads\/2023\/02\/LogoWhite.png\",\"contentUrl\":\"https:\/\/prevencionviolencia.org\/nosvaisaescuchar\/wp-content\/uploads\/2023\/02\/LogoWhite.png\",\"width\":360,\"height\":450,\"caption\":\"Ahora nos vais a escuchar\"},\"image\":{\"@id\":\"https:\/\/prevencionviolencia.org\/nosvaisaescuchar\/#\/schema\/logo\/image\/\"}}]}<\/script>\n<!-- \/ Yoast SEO plugin. -->","yoast_head_json":{"title":"PREVENCI\u00d3N VIOLENCIA - Ahora nos vais a escuchar","robots":{"index":"index","follow":"follow","max-snippet":"max-snippet:-1","max-image-preview":"max-image-preview:large","max-video-preview":"max-video-preview:-1"},"canonical":"https:\/\/prevencionviolencia.org\/nosvaisaescuchar\/prevencion-violencia\/","og_locale":"es_ES","og_type":"article","og_title":"PREVENCI\u00d3N VIOLENCIA - Ahora nos vais a escuchar","og_description":"Prevenci\u00f3n Violencia es un proyecto creado, gestionado y desarrollado por la Fundaci\u00f3n de Familias Monoparentales Isadora Duncan, con un objetivo claro: impulsar el conocimiento y la prevenci\u00f3n de la violencia de g\u00e9nero y sus manifestaciones en la poblaci\u00f3n en general a trav\u00e9s de la sensibilizaci\u00f3n, la concienciaci\u00f3n y la generaci\u00f3n de contenidos que promuevan valores [&hellip;]","og_url":"https:\/\/prevencionviolencia.org\/nosvaisaescuchar\/prevencion-violencia\/","og_site_name":"Ahora nos vais a escuchar","article_modified_time":"2023-03-02T12:00:53+00:00","twitter_card":"summary_large_image","twitter_misc":{"Tiempo de lectura":"2 minutos"},"schema":{"@context":"https:\/\/schema.org","@graph":[{"@type":"WebPage","@id":"https:\/\/prevencionviolencia.org\/nosvaisaescuchar\/prevencion-violencia\/","url":"https:\/\/prevencionviolencia.org\/nosvaisaescuchar\/prevencion-violencia\/","name":"PREVENCI\u00d3N VIOLENCIA - Ahora nos vais a escuchar","isPartOf":{"@id":"https:\/\/prevencionviolencia.org\/nosvaisaescuchar\/#website"},"datePublished":"2023-02-17T10:32:36+00:00","dateModified":"2023-03-02T12:00:53+00:00","breadcrumb":{"@id":"https:\/\/prevencionviolencia.org\/nosvaisaescuchar\/prevencion-violencia\/#breadcrumb"},"inLanguage":"es","potentialAction":[{"@type":"ReadAction","target":["https:\/\/prevencionviolencia.org\/nosvaisaescuchar\/prevencion-violencia\/"]}]},{"@type":"BreadcrumbList","@id":"https:\/\/prevencionviolencia.org\/nosvaisaescuchar\/prevencion-violencia\/#breadcrumb","itemListElement":[{"@type":"ListItem","position":1,"name":"Portada","item":"https:\/\/prevencionviolencia.org\/nosvaisaescuchar\/"},{"@type":"ListItem","position":2,"name":"PREVENCI\u00d3N VIOLENCIA"}]},{"@type":"WebSite","@id":"https:\/\/prevencionviolencia.org\/nosvaisaescuchar\/#website","url":"https:\/\/prevencionviolencia.org\/nosvaisaescuchar\/","name":"Ahora nos vais a escuchar","description":"","publisher":{"@id":"https:\/\/prevencionviolencia.org\/nosvaisaescuchar\/#organization"},"potentialAction":[{"@type":"SearchAction","target":{"@type":"EntryPoint","urlTemplate":"https:\/\/prevencionviolencia.org\/nosvaisaescuchar\/?s={search_term_string}"},"query-input":{"@type":"PropertyValueSpecification","valueRequired":true,"valueName":"search_term_string"}}],"inLanguage":"es"},{"@type":"Organization","@id":"https:\/\/prevencionviolencia.org\/nosvaisaescuchar\/#organization","name":"Ahora nos vais a escuchar","url":"https:\/\/prevencionviolencia.org\/nosvaisaescuchar\/","logo":{"@type":"ImageObject","inLanguage":"es","@id":"https:\/\/prevencionviolencia.org\/nosvaisaescuchar\/#\/schema\/logo\/image\/","url":"https:\/\/prevencionviolencia.org\/nosvaisaescuchar\/wp-content\/uploads\/2023\/02\/LogoWhite.png","contentUrl":"https:\/\/prevencionviolencia.org\/nosvaisaescuchar\/wp-content\/uploads\/2023\/02\/LogoWhite.png","width":360,"height":450,"caption":"Ahora nos vais a escuchar"},"image":{"@id":"https:\/\/prevencionviolencia.org\/nosvaisaescuchar\/#\/schema\/logo\/image\/"}}]}},"_links":{"self":[{"href":"https:\/\/prevencionviolencia.org\/nosvaisaescuchar\/wp-json\/wp\/v2\/pages\/3685","targetHints":{"allow":["GET"]}}],"collection":[{"href":"https:\/\/prevencionviolencia.org\/nosvaisaescuchar\/wp-json\/wp\/v2\/pages"}],"about":[{"href":"https:\/\/prevencionviolencia.org\/nosvaisaescuchar\/wp-json\/wp\/v2\/types\/page"}],"author":[{"embeddable":true,"href":"https:\/\/prevencionviolencia.org\/nosvaisaescuchar\/wp-json\/wp\/v2\/users\/1"}],"replies":[{"embeddable":true,"href":"https:\/\/prevencionviolencia.org\/nosvaisaescuchar\/wp-json\/wp\/v2\/comments?post=3685"}],"version-history":[{"count":30,"href":"https:\/\/prevencionviolencia.org\/nosvaisaescuchar\/wp-json\/wp\/v2\/pages\/3685\/revisions"}],"predecessor-version":[{"id":3772,"href":"https:\/\/prevencionviolencia.org\/nosvaisaescuchar\/wp-json\/wp\/v2\/pages\/3685\/revisions\/3772"}],"wp:attachment":[{"href":"https:\/\/prevencionviolencia.org\/nosvaisaescuchar\/wp-json\/wp\/v2\/media?parent=3685"}],"curies":[{"name":"wp","href":"https:\/\/api.w.org\/{rel}","templated":true}]}}