{"id":3731,"date":"2023-02-28T12:08:35","date_gmt":"2023-02-28T11:08:35","guid":{"rendered":"https:\/\/prevencionviolencia.org\/nosvaisaescuchar\/el-programa-copy\/"},"modified":"2023-03-03T15:00:54","modified_gmt":"2023-03-03T14:00:54","slug":"la-campanya","status":"publish","type":"page","link":"https:\/\/prevencionviolencia.org\/nosvaisaescuchar\/la-campanya\/","title":{"rendered":"LA CAMPA\u00d1A"},"content":{"rendered":"\t\t<div data-elementor-type=\"wp-page\" data-elementor-id=\"3731\" class=\"elementor elementor-3731\">\n\t\t\t\t\t\t<section class=\"elementor-section elementor-top-section elementor-element elementor-element-62ad2af3 elementor-section-boxed elementor-section-height-default elementor-section-height-default qodef-elementor-content-no\" data-id=\"62ad2af3\" data-element_type=\"section\">\n\t\t\t\t\t\t<div class=\"elementor-container elementor-column-gap-default\">\n\t\t\t\t\t<div class=\"elementor-column elementor-col-100 elementor-top-column elementor-element elementor-element-41389665\" data-id=\"41389665\" data-element_type=\"column\">\n\t\t\t<div class=\"elementor-widget-wrap elementor-element-populated\">\n\t\t\t\t\t\t<div class=\"elementor-element elementor-element-e9fd1cc elementor-widget elementor-widget-text-editor\" data-id=\"e9fd1cc\" data-element_type=\"widget\" data-widget_type=\"text-editor.default\">\n\t\t\t\t<div class=\"elementor-widget-container\">\n\t\t\t\t\t\t\t\t\t<p>La <strong>Fundaci\u00f3n de Familias Monoparentales Isadora Duncan<\/strong>, tras muchos a\u00f1os de experiencia trabajando contra la violencia de g\u00e9nero, pone en marcha una <strong>campa\u00f1a para visibilizar la violencia econ\u00f3mica y trabajar en su prevenci\u00f3n<\/strong>.<\/p><p>La campa\u00f1a comprende el dise\u00f1o y elaboraci\u00f3n de materiales, as\u00ed como en su presentaci\u00f3n y difusi\u00f3n. Estos materiales did\u00e1cticos sirven como herramientas para la informaci\u00f3n, prevenci\u00f3n, sensibilizaci\u00f3n y detecci\u00f3n de situaciones de violencia econ\u00f3mica.<\/p>\t\t\t\t\t\t\t\t<\/div>\n\t\t\t\t<\/div>\n\t\t\t\t<div class=\"elementor-element elementor-element-6193baf elementor-widget elementor-widget-pelicula_core_accordion\" data-id=\"6193baf\" data-element_type=\"widget\" data-widget_type=\"pelicula_core_accordion.default\">\n\t\t\t\t<div class=\"elementor-widget-container\">\n\t\t\t\t\t<div class=\"qodef-shortcode qodef-m  qodef-accordion clear qodef-behavior--accordion qodef-layout--simple qodef-skin--dark\">\n\t<h5 class=\"qodef-accordion-title\">\n\t<span class=\"qodef-tab-title\">\n\t\tLOS VIDEOCLIPS\t<\/span>\n\t<span class=\"qodef-accordion-mark\">\n\t\t<span class=\"qodef-icon--plus icon_plus\"><\/span>\n\t\t<span class=\"qodef-icon--minus icon_close\"><\/span>\n\t<\/span>\n<\/h5>\n<div class=\"qodef-accordion-content\">\n\t<div class=\"qodef-accordion-content-inner\">\n\t\t<p><span style=\"color: #7a7a7a;\">Estos videoclips reflejan situaciones reales de violencia econ\u00f3mica vividas por mujeres y sus familias.<\/span><\/p>\n\n<p><a class=\"accordionvid\" href=\"https:\/\/prevencionviolencia.org\/nosvaisaescuchar\/videoclips\">Ver v\u00eddeos<\/a><\/p>\t<\/div>\n<\/div><h5 class=\"qodef-accordion-title\">\n\t<span class=\"qodef-tab-title\">\n\t\tGU\u00cdA DE PREVENCI\u00d3N DE VIOLENCIA ECON\u00d3MICA Y ABUSO FINANCIERO\t<\/span>\n\t<span class=\"qodef-accordion-mark\">\n\t\t<span class=\"qodef-icon--plus icon_plus\"><\/span>\n\t\t<span class=\"qodef-icon--minus icon_close\"><\/span>\n\t<\/span>\n<\/h5>\n<div class=\"qodef-accordion-content\">\n\t<div class=\"qodef-accordion-content-inner\">\n\t\t<p><span style=\"color: #7a7a7a;\">Con esta gu\u00eda queremos ofrecer nociones b\u00e1sicas sobre violencia econ\u00f3mica y abuso financiero, c\u00f3mo prevenir esas situaciones, c\u00f3mo actuar y c\u00f3mo establecer una buena relaci\u00f3n econ\u00f3mica en pareja. Se trata de un documento de consulta tanto para las mujeres que sufren o pueden sufrir situaciones de violencia econ\u00f3mica como para las personas que forman parte de la vida de esas familias y para profesionales que se encuentren entre sus intervenciones alguna situaci\u00f3n de violencia econ\u00f3mica.<\/span><\/p><p><a class=\"accordionvid\" href=\"https:\/\/prevencionviolencia.org\/guia-de-prevencion-de-violencia-economica-y-abuso-financiero\/\" target=\"_blank\" rel=\"noopener\">DESCARGAR GU\u00cdA<\/a><\/p>\t<\/div>\n<\/div><h5 class=\"qodef-accordion-title\">\n\t<span class=\"qodef-tab-title\">\n\t\tM\u00c1S INFORMACI\u00d3N\t<\/span>\n\t<span class=\"qodef-accordion-mark\">\n\t\t<span class=\"qodef-icon--plus icon_plus\"><\/span>\n\t\t<span class=\"qodef-icon--minus icon_close\"><\/span>\n\t<\/span>\n<\/h5>\n<div class=\"qodef-accordion-content\">\n\t<div class=\"qodef-accordion-content-inner\">\n\t\t<a href=\"https:\/\/prevencionviolencia.org\"><img decoding=\"async\" class=\"alignnone size-medium wp-image-3818 lazyload\" role=\"img\" data-src=\"https:\/\/prevencionviolencia.org\/nosvaisaescuchar\/wp-content\/uploads\/2023\/03\/LogoPrev2022.svg\" alt=\"\" width=\"75%\" src=\"data:image\/svg+xml;base64,PHN2ZyB3aWR0aD0iMSIgaGVpZ2h0PSIxIiB4bWxucz0iaHR0cDovL3d3dy53My5vcmcvMjAwMC9zdmciPjwvc3ZnPg==\" \/><\/a>\t<\/div>\n<\/div><\/div>\t\t\t\t<\/div>\n\t\t\t\t<\/div>\n\t\t\t\t\t<\/div>\n\t\t<\/div>\n\t\t\t\t\t<\/div>\n\t\t<\/section>\n\t\t\t\t<\/div>\n\t\t","protected":false},"excerpt":{"rendered":"<p>La Fundaci\u00f3n de Familias Monoparentales Isadora Duncan, tras muchos a\u00f1os de experiencia trabajando contra la violencia de g\u00e9nero, pone en marcha una campa\u00f1a para visibilizar la violencia econ\u00f3mica y trabajar en su prevenci\u00f3n. La campa\u00f1a comprende el dise\u00f1o y elaboraci\u00f3n de materiales, as\u00ed como en su presentaci\u00f3n y difusi\u00f3n. Estos materiales did\u00e1cticos sirven como herramientas [&hellip;]<\/p>\n","protected":false},"author":1,"featured_media":0,"parent":0,"menu_order":0,"comment_status":"closed","ping_status":"closed","template":"","meta":{"inline_featured_image":false,"footnotes":""},"class_list":["post-3731","page","type-page","status-publish","hentry"],"yoast_head":"<!-- This site is optimized with the Yoast SEO plugin v25.3.1 - https:\/\/yoast.com\/wordpress\/plugins\/seo\/ -->\n<title>LA CAMPA\u00d1A - Ahora nos vais a escuchar<\/title>\n<meta name=\"robots\" content=\"index, follow, max-snippet:-1, max-image-preview:large, max-video-preview:-1\" \/>\n<link rel=\"canonical\" href=\"https:\/\/prevencionviolencia.org\/nosvaisaescuchar\/la-campanya\/\" \/>\n<meta property=\"og:locale\" content=\"es_ES\" \/>\n<meta property=\"og:type\" content=\"article\" \/>\n<meta property=\"og:title\" content=\"LA CAMPA\u00d1A - Ahora nos vais a escuchar\" \/>\n<meta property=\"og:description\" content=\"La Fundaci\u00f3n de Familias Monoparentales Isadora Duncan, tras muchos a\u00f1os de experiencia trabajando contra la violencia de g\u00e9nero, pone en marcha una campa\u00f1a para visibilizar la violencia econ\u00f3mica y trabajar en su prevenci\u00f3n. La campa\u00f1a comprende el dise\u00f1o y elaboraci\u00f3n de materiales, as\u00ed como en su presentaci\u00f3n y difusi\u00f3n. Estos materiales did\u00e1cticos sirven como herramientas [&hellip;]\" \/>\n<meta property=\"og:url\" content=\"https:\/\/prevencionviolencia.org\/nosvaisaescuchar\/la-campanya\/\" \/>\n<meta property=\"og:site_name\" content=\"Ahora nos vais a escuchar\" \/>\n<meta property=\"article:modified_time\" content=\"2023-03-03T14:00:54+00:00\" \/>\n<meta property=\"og:image\" content=\"https:\/\/prevencionviolencia.org\/nosvaisaescuchar\/wp-content\/uploads\/2023\/03\/LogoPrev2022.svg\" \/>\n<meta name=\"twitter:card\" content=\"summary_large_image\" \/>\n<meta name=\"twitter:label1\" content=\"Tiempo de lectura\" \/>\n\t<meta name=\"twitter:data1\" content=\"1 minuto\" \/>\n<script type=\"application\/ld+json\" class=\"yoast-schema-graph\">{\"@context\":\"https:\/\/schema.org\",\"@graph\":[{\"@type\":\"WebPage\",\"@id\":\"https:\/\/prevencionviolencia.org\/nosvaisaescuchar\/la-campanya\/\",\"url\":\"https:\/\/prevencionviolencia.org\/nosvaisaescuchar\/la-campanya\/\",\"name\":\"LA CAMPA\u00d1A - Ahora nos vais a escuchar\",\"isPartOf\":{\"@id\":\"https:\/\/prevencionviolencia.org\/nosvaisaescuchar\/#website\"},\"primaryImageOfPage\":{\"@id\":\"https:\/\/prevencionviolencia.org\/nosvaisaescuchar\/la-campanya\/#primaryimage\"},\"image\":{\"@id\":\"https:\/\/prevencionviolencia.org\/nosvaisaescuchar\/la-campanya\/#primaryimage\"},\"thumbnailUrl\":\"https:\/\/prevencionviolencia.org\/nosvaisaescuchar\/wp-content\/uploads\/2023\/03\/LogoPrev2022.svg\",\"datePublished\":\"2023-02-28T11:08:35+00:00\",\"dateModified\":\"2023-03-03T14:00:54+00:00\",\"breadcrumb\":{\"@id\":\"https:\/\/prevencionviolencia.org\/nosvaisaescuchar\/la-campanya\/#breadcrumb\"},\"inLanguage\":\"es\",\"potentialAction\":[{\"@type\":\"ReadAction\",\"target\":[\"https:\/\/prevencionviolencia.org\/nosvaisaescuchar\/la-campanya\/\"]}]},{\"@type\":\"ImageObject\",\"inLanguage\":\"es\",\"@id\":\"https:\/\/prevencionviolencia.org\/nosvaisaescuchar\/la-campanya\/#primaryimage\",\"url\":\"https:\/\/prevencionviolencia.org\/nosvaisaescuchar\/wp-content\/uploads\/2023\/03\/LogoPrev2022.svg\",\"contentUrl\":\"https:\/\/prevencionviolencia.org\/nosvaisaescuchar\/wp-content\/uploads\/2023\/03\/LogoPrev2022.svg\",\"width\":1575,\"height\":270},{\"@type\":\"BreadcrumbList\",\"@id\":\"https:\/\/prevencionviolencia.org\/nosvaisaescuchar\/la-campanya\/#breadcrumb\",\"itemListElement\":[{\"@type\":\"ListItem\",\"position\":1,\"name\":\"Portada\",\"item\":\"https:\/\/prevencionviolencia.org\/nosvaisaescuchar\/\"},{\"@type\":\"ListItem\",\"position\":2,\"name\":\"LA CAMPA\u00d1A\"}]},{\"@type\":\"WebSite\",\"@id\":\"https:\/\/prevencionviolencia.org\/nosvaisaescuchar\/#website\",\"url\":\"https:\/\/prevencionviolencia.org\/nosvaisaescuchar\/\",\"name\":\"Ahora nos vais a escuchar\",\"description\":\"\",\"publisher\":{\"@id\":\"https:\/\/prevencionviolencia.org\/nosvaisaescuchar\/#organization\"},\"potentialAction\":[{\"@type\":\"SearchAction\",\"target\":{\"@type\":\"EntryPoint\",\"urlTemplate\":\"https:\/\/prevencionviolencia.org\/nosvaisaescuchar\/?s={search_term_string}\"},\"query-input\":{\"@type\":\"PropertyValueSpecification\",\"valueRequired\":true,\"valueName\":\"search_term_string\"}}],\"inLanguage\":\"es\"},{\"@type\":\"Organization\",\"@id\":\"https:\/\/prevencionviolencia.org\/nosvaisaescuchar\/#organization\",\"name\":\"Ahora nos vais a escuchar\",\"url\":\"https:\/\/prevencionviolencia.org\/nosvaisaescuchar\/\",\"logo\":{\"@type\":\"ImageObject\",\"inLanguage\":\"es\",\"@id\":\"https:\/\/prevencionviolencia.org\/nosvaisaescuchar\/#\/schema\/logo\/image\/\",\"url\":\"https:\/\/prevencionviolencia.org\/nosvaisaescuchar\/wp-content\/uploads\/2023\/02\/LogoWhite.png\",\"contentUrl\":\"https:\/\/prevencionviolencia.org\/nosvaisaescuchar\/wp-content\/uploads\/2023\/02\/LogoWhite.png\",\"width\":360,\"height\":450,\"caption\":\"Ahora nos vais a escuchar\"},\"image\":{\"@id\":\"https:\/\/prevencionviolencia.org\/nosvaisaescuchar\/#\/schema\/logo\/image\/\"}}]}<\/script>\n<!-- \/ Yoast SEO plugin. -->","yoast_head_json":{"title":"LA CAMPA\u00d1A - Ahora nos vais a escuchar","robots":{"index":"index","follow":"follow","max-snippet":"max-snippet:-1","max-image-preview":"max-image-preview:large","max-video-preview":"max-video-preview:-1"},"canonical":"https:\/\/prevencionviolencia.org\/nosvaisaescuchar\/la-campanya\/","og_locale":"es_ES","og_type":"article","og_title":"LA CAMPA\u00d1A - Ahora nos vais a escuchar","og_description":"La Fundaci\u00f3n de Familias Monoparentales Isadora Duncan, tras muchos a\u00f1os de experiencia trabajando contra la violencia de g\u00e9nero, pone en marcha una campa\u00f1a para visibilizar la violencia econ\u00f3mica y trabajar en su prevenci\u00f3n. La campa\u00f1a comprende el dise\u00f1o y elaboraci\u00f3n de materiales, as\u00ed como en su presentaci\u00f3n y difusi\u00f3n. Estos materiales did\u00e1cticos sirven como herramientas [&hellip;]","og_url":"https:\/\/prevencionviolencia.org\/nosvaisaescuchar\/la-campanya\/","og_site_name":"Ahora nos vais a escuchar","article_modified_time":"2023-03-03T14:00:54+00:00","og_image":[{"url":"https:\/\/prevencionviolencia.org\/nosvaisaescuchar\/wp-content\/uploads\/2023\/03\/LogoPrev2022.svg","type":"","width":"","height":""}],"twitter_card":"summary_large_image","twitter_misc":{"Tiempo de lectura":"1 minuto"},"schema":{"@context":"https:\/\/schema.org","@graph":[{"@type":"WebPage","@id":"https:\/\/prevencionviolencia.org\/nosvaisaescuchar\/la-campanya\/","url":"https:\/\/prevencionviolencia.org\/nosvaisaescuchar\/la-campanya\/","name":"LA CAMPA\u00d1A - Ahora nos vais a escuchar","isPartOf":{"@id":"https:\/\/prevencionviolencia.org\/nosvaisaescuchar\/#website"},"primaryImageOfPage":{"@id":"https:\/\/prevencionviolencia.org\/nosvaisaescuchar\/la-campanya\/#primaryimage"},"image":{"@id":"https:\/\/prevencionviolencia.org\/nosvaisaescuchar\/la-campanya\/#primaryimage"},"thumbnailUrl":"https:\/\/prevencionviolencia.org\/nosvaisaescuchar\/wp-content\/uploads\/2023\/03\/LogoPrev2022.svg","datePublished":"2023-02-28T11:08:35+00:00","dateModified":"2023-03-03T14:00:54+00:00","breadcrumb":{"@id":"https:\/\/prevencionviolencia.org\/nosvaisaescuchar\/la-campanya\/#breadcrumb"},"inLanguage":"es","potentialAction":[{"@type":"ReadAction","target":["https:\/\/prevencionviolencia.org\/nosvaisaescuchar\/la-campanya\/"]}]},{"@type":"ImageObject","inLanguage":"es","@id":"https:\/\/prevencionviolencia.org\/nosvaisaescuchar\/la-campanya\/#primaryimage","url":"https:\/\/prevencionviolencia.org\/nosvaisaescuchar\/wp-content\/uploads\/2023\/03\/LogoPrev2022.svg","contentUrl":"https:\/\/prevencionviolencia.org\/nosvaisaescuchar\/wp-content\/uploads\/2023\/03\/LogoPrev2022.svg","width":1575,"height":270},{"@type":"BreadcrumbList","@id":"https:\/\/prevencionviolencia.org\/nosvaisaescuchar\/la-campanya\/#breadcrumb","itemListElement":[{"@type":"ListItem","position":1,"name":"Portada","item":"https:\/\/prevencionviolencia.org\/nosvaisaescuchar\/"},{"@type":"ListItem","position":2,"name":"LA CAMPA\u00d1A"}]},{"@type":"WebSite","@id":"https:\/\/prevencionviolencia.org\/nosvaisaescuchar\/#website","url":"https:\/\/prevencionviolencia.org\/nosvaisaescuchar\/","name":"Ahora nos vais a escuchar","description":"","publisher":{"@id":"https:\/\/prevencionviolencia.org\/nosvaisaescuchar\/#organization"},"potentialAction":[{"@type":"SearchAction","target":{"@type":"EntryPoint","urlTemplate":"https:\/\/prevencionviolencia.org\/nosvaisaescuchar\/?s={search_term_string}"},"query-input":{"@type":"PropertyValueSpecification","valueRequired":true,"valueName":"search_term_string"}}],"inLanguage":"es"},{"@type":"Organization","@id":"https:\/\/prevencionviolencia.org\/nosvaisaescuchar\/#organization","name":"Ahora nos vais a escuchar","url":"https:\/\/prevencionviolencia.org\/nosvaisaescuchar\/","logo":{"@type":"ImageObject","inLanguage":"es","@id":"https:\/\/prevencionviolencia.org\/nosvaisaescuchar\/#\/schema\/logo\/image\/","url":"https:\/\/prevencionviolencia.org\/nosvaisaescuchar\/wp-content\/uploads\/2023\/02\/LogoWhite.png","contentUrl":"https:\/\/prevencionviolencia.org\/nosvaisaescuchar\/wp-content\/uploads\/2023\/02\/LogoWhite.png","width":360,"height":450,"caption":"Ahora nos vais a escuchar"},"image":{"@id":"https:\/\/prevencionviolencia.org\/nosvaisaescuchar\/#\/schema\/logo\/image\/"}}]}},"_links":{"self":[{"href":"https:\/\/prevencionviolencia.org\/nosvaisaescuchar\/wp-json\/wp\/v2\/pages\/3731","targetHints":{"allow":["GET"]}}],"collection":[{"href":"https:\/\/prevencionviolencia.org\/nosvaisaescuchar\/wp-json\/wp\/v2\/pages"}],"about":[{"href":"https:\/\/prevencionviolencia.org\/nosvaisaescuchar\/wp-json\/wp\/v2\/types\/page"}],"author":[{"embeddable":true,"href":"https:\/\/prevencionviolencia.org\/nosvaisaescuchar\/wp-json\/wp\/v2\/users\/1"}],"replies":[{"embeddable":true,"href":"https:\/\/prevencionviolencia.org\/nosvaisaescuchar\/wp-json\/wp\/v2\/comments?post=3731"}],"version-history":[{"count":57,"href":"https:\/\/prevencionviolencia.org\/nosvaisaescuchar\/wp-json\/wp\/v2\/pages\/3731\/revisions"}],"predecessor-version":[{"id":3959,"href":"https:\/\/prevencionviolencia.org\/nosvaisaescuchar\/wp-json\/wp\/v2\/pages\/3731\/revisions\/3959"}],"wp:attachment":[{"href":"https:\/\/prevencionviolencia.org\/nosvaisaescuchar\/wp-json\/wp\/v2\/media?parent=3731"}],"curies":[{"name":"wp","href":"https:\/\/api.w.org\/{rel}","templated":true}]}}